{"id":34704,"date":"2024-06-19T15:11:27","date_gmt":"2024-06-19T20:11:27","guid":{"rendered":"https:\/\/goarchitecture.site\/producto\/visualizacion-del-paisaje\/"},"modified":"2024-06-19T15:11:27","modified_gmt":"2024-06-19T20:11:27","slug":"visualizacion-del-paisaje","status":"publish","type":"product","link":"https:\/\/goarchitecture.site\/es\/producto\/visualizacion-del-paisaje\/","title":{"rendered":"Visualizaci\u00f3n del paisaje"},"content":{"rendered":"<p>Explora t\u00e9cnicas creativas de Photoshop para ilustrar paisajes vivos y din\u00e1micos, ricos en texturas, capas e iluminaci\u00f3n.<\/p>\n","protected":false},"excerpt":{"rendered":"<p>Explora t\u00e9cnicas creativas de Photoshop para ilustrar paisajes vivos y din\u00e1micos, ricos en texturas, capas e iluminaci\u00f3n.<\/p>\n","protected":false},"featured_media":23505,"comment_status":"open","ping_status":"closed","template":"","meta":{"_acf_changed":false},"product_brand":[],"product_cat":[1398,1399],"product_tag":[],"class_list":{"0":"post-34704","1":"product","2":"type-product","3":"status-publish","4":"has-post-thumbnail","6":"product_cat-course","7":"product_cat-curso","9":"first","10":"instock","11":"sale","12":"virtual","13":"sold-individually","14":"taxable","15":"purchasable","16":"product-type-simple"},"acf":[],"_links":{"self":[{"href":"https:\/\/goarchitecture.site\/es\/wp-json\/wp\/v2\/product\/34704","targetHints":{"allow":["GET"]}}],"collection":[{"href":"https:\/\/goarchitecture.site\/es\/wp-json\/wp\/v2\/product"}],"about":[{"href":"https:\/\/goarchitecture.site\/es\/wp-json\/wp\/v2\/types\/product"}],"replies":[{"embeddable":true,"href":"https:\/\/goarchitecture.site\/es\/wp-json\/wp\/v2\/comments?post=34704"}],"wp:featuredmedia":[{"embeddable":true,"href":"https:\/\/goarchitecture.site\/es\/wp-json\/wp\/v2\/media\/23505"}],"wp:attachment":[{"href":"https:\/\/goarchitecture.site\/es\/wp-json\/wp\/v2\/media?parent=34704"}],"wp:term":[{"taxonomy":"product_brand","embeddable":true,"href":"https:\/\/goarchitecture.site\/es\/wp-json\/wp\/v2\/product_brand?post=34704"},{"taxonomy":"product_cat","embeddable":true,"href":"https:\/\/goarchitecture.site\/es\/wp-json\/wp\/v2\/product_cat?post=34704"},{"taxonomy":"product_tag","embeddable":true,"href":"https:\/\/goarchitecture.site\/es\/wp-json\/wp\/v2\/product_tag?post=34704"}],"curies":[{"name":"wp","href":"https:\/\/api.w.org\/{rel}","templated":true}]}}