{"id":34702,"date":"2024-06-19T15:01:25","date_gmt":"2024-06-19T20:01:25","guid":{"rendered":"https:\/\/goarchitecture.site\/producto\/introduccion-a-lumion\/"},"modified":"2024-06-19T15:01:25","modified_gmt":"2024-06-19T20:01:25","slug":"introduccion-a-lumion","status":"publish","type":"product","link":"https:\/\/goarchitecture.site\/es\/producto\/introduccion-a-lumion\/","title":{"rendered":"Introducci\u00f3n a Lumion"},"content":{"rendered":"<p>Crea im\u00e1genes fotorrealistas e impactantes para exteriores e interiores con Lumion.<\/p>\n<p data-sourcepos=\"13:1-13:144\">Sum\u00e9rgete en el mundo del renderizado arquitect\u00f3nico 3D y domina el arte de crear im\u00e1genes fotorrealistas con Edgard Vizcarra como gu\u00eda, profundiza en los fundamentos del fotorrealismo, la composici\u00f3n y el dise\u00f1o atmosf\u00e9rico para espacios interiores y exteriores, aprende t\u00e9cnicas expertas para configurar y ambientar escenas 3D, aplicar materiales y texturas y utilizar el potente motor de renderizado de Lumion para dar vida a tus dise\u00f1os.<\/p>\n","protected":false},"excerpt":{"rendered":"<p>Crea im\u00e1genes fotorrealistas e impactantes para exteriores e interiores con Lumion. Sum\u00e9rgete en el mundo del renderizado arquitect\u00f3nico 3D y<\/p>\n","protected":false},"featured_media":23503,"comment_status":"open","ping_status":"closed","template":"","meta":{"_acf_changed":false},"product_brand":[],"product_cat":[1398,1399],"product_tag":[],"class_list":{"0":"post-34702","1":"product","2":"type-product","3":"status-publish","4":"has-post-thumbnail","6":"product_cat-course","7":"product_cat-curso","9":"first","10":"instock","11":"sale","12":"virtual","13":"sold-individually","14":"taxable","15":"purchasable","16":"product-type-simple"},"acf":[],"_links":{"self":[{"href":"https:\/\/goarchitecture.site\/es\/wp-json\/wp\/v2\/product\/34702","targetHints":{"allow":["GET"]}}],"collection":[{"href":"https:\/\/goarchitecture.site\/es\/wp-json\/wp\/v2\/product"}],"about":[{"href":"https:\/\/goarchitecture.site\/es\/wp-json\/wp\/v2\/types\/product"}],"replies":[{"embeddable":true,"href":"https:\/\/goarchitecture.site\/es\/wp-json\/wp\/v2\/comments?post=34702"}],"wp:featuredmedia":[{"embeddable":true,"href":"https:\/\/goarchitecture.site\/es\/wp-json\/wp\/v2\/media\/23503"}],"wp:attachment":[{"href":"https:\/\/goarchitecture.site\/es\/wp-json\/wp\/v2\/media?parent=34702"}],"wp:term":[{"taxonomy":"product_brand","embeddable":true,"href":"https:\/\/goarchitecture.site\/es\/wp-json\/wp\/v2\/product_brand?post=34702"},{"taxonomy":"product_cat","embeddable":true,"href":"https:\/\/goarchitecture.site\/es\/wp-json\/wp\/v2\/product_cat?post=34702"},{"taxonomy":"product_tag","embeddable":true,"href":"https:\/\/goarchitecture.site\/es\/wp-json\/wp\/v2\/product_tag?post=34702"}],"curies":[{"name":"wp","href":"https:\/\/api.w.org\/{rel}","templated":true}]}}