{"id":25449,"date":"2024-08-07T23:29:05","date_gmt":"2024-08-08T04:29:05","guid":{"rendered":"https:\/\/goarchitecture.site\/producto\/paga-1-toma-4\/"},"modified":"2025-06-27T12:22:16","modified_gmt":"2025-06-27T17:22:16","slug":"paga-1-toma-4","status":"publish","type":"product","link":"https:\/\/goarchitecture.site\/es\/producto\/paga-1-toma-4\/","title":{"rendered":"Paga 2 Toma 4"},"content":{"rendered":"<p>Consigue 4 paquetes al precio de uno:<\/p>\n<p>1. Megapack isom\u00e9trico urbano ( +230 pinceles photoshop .ABR)<br \/>\n2. An\u00e1lisis de siten (+100 vectores planos .Ai , .PNG)<br \/>\n3. \u00c1rboles perfilados (20 \u00e1rboles ilustrados .PNG, .Ai , .CAD)<br \/>\n4. 32 Patrones (Patrones sin fisuras .JPG, biblioteca Ai)<\/p>\n<p>Por : <a href=\"https:\/\/www.instagram.com\/go_architecture\/\" rel=\"nofollow noopener\" target=\"_blank\">@go_architecture<\/a><\/p>\n<p>&nbsp;<\/p>\n<p>&nbsp;<\/p>\n<p>INSTRUCCIONES:<\/p>\n<p>Las ilustraciones se entregar\u00e1n en formato .RAR o .ZIP, por lo que ser\u00e1 necesario descomprimirlas con un programa gratuito como WinRar. Una vez extra\u00eddas, \u00a1estar\u00e1n listas para que las utilices!<\/p>\n","protected":false},"excerpt":{"rendered":"<p>Consigue 4 paquetes al precio de uno:<\/p>\n<p>1. Megapack isom\u00e9trico urbano ( +230 pinceles photoshop .ABR)<br \/>\n2. An\u00e1lisis de siten (+100 vectores planos .Ai , .PNG)<br \/>\n3. \u00c1rboles perfilados (20 \u00e1rboles ilustrados .PNG, .Ai , .CAD)<br \/>\n4. 32 Patrones (Patrones sin fisuras .JPG, biblioteca Ai)<\/p>\n<p>Por : <a href=\"https:\/\/www.instagram.com\/go_architecture\/\" rel=\"nofollow\">@go_architecture<\/a><\/p>\n<p>&nbsp;<\/p>\n<p>&nbsp;<\/p>\n<p>INSTRUCCIONES:<\/p>\n<p>Las ilustraciones se entregar\u00e1n en formato .RAR o .ZIP, por lo que ser\u00e1 necesario descomprimirlas con un programa gratuito como WinRar. Una vez extra\u00eddas, \u00a1estar\u00e1n listas para que las utilices!<\/p>\n","protected":false},"featured_media":24938,"comment_status":"open","ping_status":"closed","template":"","meta":{"_acf_changed":false},"product_brand":[],"product_cat":[1123,1124,1104,1116,1125,1103,1117,1113,1105,1106,1114,1107,1108,1119,1109,1126,1102,1115,1127,1122,1111],"product_tag":[],"class_list":{"0":"post-25449","1":"product","2":"type-product","3":"status-publish","4":"has-post-thumbnail","6":"product_cat-abr-es","7":"product_cat-ai-es","8":"product_cat-animales","9":"product_cat-autocad-es","10":"product_cat-cad-es","11":"product_cat-coleccion","12":"product_cat-illustrator-es","13":"product_cat-megapacks-es","14":"product_cat-mobiliario","15":"product_cat-naturaleza","16":"product_cat-nuevo","17":"product_cat-patrones","18":"product_cat-personas","19":"product_cat-photoshop-es","20":"product_cat-plantas","21":"product_cat-png-es","22":"product_cat-recursos","23":"product_cat-software-es","24":"product_cat-svg-es","25":"product_cat-tipo","26":"product_cat-vehiculos","28":"first","29":"instock","30":"sale","31":"downloadable","32":"virtual","33":"taxable","34":"purchasable","35":"product-type-simple"},"acf":[],"_links":{"self":[{"href":"https:\/\/goarchitecture.site\/es\/wp-json\/wp\/v2\/product\/25449","targetHints":{"allow":["GET"]}}],"collection":[{"href":"https:\/\/goarchitecture.site\/es\/wp-json\/wp\/v2\/product"}],"about":[{"href":"https:\/\/goarchitecture.site\/es\/wp-json\/wp\/v2\/types\/product"}],"replies":[{"embeddable":true,"href":"https:\/\/goarchitecture.site\/es\/wp-json\/wp\/v2\/comments?post=25449"}],"wp:featuredmedia":[{"embeddable":true,"href":"https:\/\/goarchitecture.site\/es\/wp-json\/wp\/v2\/media\/24938"}],"wp:attachment":[{"href":"https:\/\/goarchitecture.site\/es\/wp-json\/wp\/v2\/media?parent=25449"}],"wp:term":[{"taxonomy":"product_brand","embeddable":true,"href":"https:\/\/goarchitecture.site\/es\/wp-json\/wp\/v2\/product_brand?post=25449"},{"taxonomy":"product_cat","embeddable":true,"href":"https:\/\/goarchitecture.site\/es\/wp-json\/wp\/v2\/product_cat?post=25449"},{"taxonomy":"product_tag","embeddable":true,"href":"https:\/\/goarchitecture.site\/es\/wp-json\/wp\/v2\/product_tag?post=25449"}],"curies":[{"name":"wp","href":"https:\/\/api.w.org\/{rel}","templated":true}]}}