{"id":24310,"date":"2024-06-27T21:33:51","date_gmt":"2024-06-28T02:33:51","guid":{"rendered":"https:\/\/goarchitecture.site\/producto\/gente-colorida\/"},"modified":"2025-07-03T12:35:53","modified_gmt":"2025-07-03T17:35:53","slug":"gente-colorida","status":"publish","type":"product","link":"https:\/\/goarchitecture.site\/es\/producto\/gente-colorida\/","title":{"rendered":"Gente colorida"},"content":{"rendered":"<p>18 Gente colorida<\/p>\n<p>&nbsp;<\/p>\n<p>una opci\u00f3n excelente para tus dibujos arquitect\u00f3nicos ( Secciones, Alzados, Planos, Collages, etc.)<\/p>\n<p>Formato de archivo: PNG + AI<\/p>\n<p>Por : <a href=\"https:\/\/www.instagram.com\/go_architecture\/\" rel=\"nofollow noopener\" target=\"_blank\">@go_architecture<\/a><\/p>\n<p>&nbsp;<\/p>\n<p>&nbsp;<\/p>\n<p>&nbsp;<\/p>\n<p>INSTRUCCIONES:<\/p>\n<p>&nbsp;<\/p>\n<p>Las ilustraciones se entregar\u00e1n en formato .RAR o .ZIP, por lo que ser\u00e1 necesario descomprimirlas con un programa gratuito como WinRar. Una vez extra\u00eddas, \u00a1estar\u00e1n listas para que las utilices!<\/p>\n","protected":false},"excerpt":{"rendered":"<p>18 Gente colorida<\/p>\n<p>&nbsp;<\/p>\n<p>una opci\u00f3n excelente para tus dibujos arquitect\u00f3nicos ( Secciones, Alzados, Planos, Collages, etc.)<\/p>\n<p>Formato de archivo: PNG + AI<\/p>\n<p>Por : <a href=\"https:\/\/www.instagram.com\/go_architecture\/\" rel=\"nofollow\">@go_architecture<\/a><\/p>\n<p>&nbsp;<\/p>\n<p>&nbsp;<\/p>\n<p>&nbsp;<\/p>\n<p>INSTRUCCIONES:<\/p>\n<p>&nbsp;<\/p>\n<p>Las ilustraciones se entregar\u00e1n en formato .RAR o .ZIP, por lo que ser\u00e1 necesario descomprimirlas con un programa gratuito como WinRar. Una vez extra\u00eddas, \u00a1estar\u00e1n listas para que las utilices!<\/p>\n","protected":false},"featured_media":24169,"comment_status":"open","ping_status":"closed","template":"","meta":{"_acf_changed":false},"product_brand":[],"product_cat":[1124,1103,1117,1114,1108,1126,1102,1115,1127,1122],"product_tag":[1434,1435,1207],"class_list":{"0":"post-24310","1":"product","2":"type-product","3":"status-publish","4":"has-post-thumbnail","6":"product_cat-ai-es","7":"product_cat-coleccion","8":"product_cat-illustrator-es","9":"product_cat-nuevo","10":"product_cat-personas","11":"product_cat-png-es","12":"product_cat-recursos","13":"product_cat-software-es","14":"product_cat-svg-es","15":"product_cat-tipo","16":"product_tag-colorido","17":"product_tag-escala-humana","18":"product_tag-personas","20":"first","21":"instock","22":"sale","23":"downloadable","24":"virtual","25":"taxable","26":"purchasable","27":"product-type-simple"},"acf":[],"_links":{"self":[{"href":"https:\/\/goarchitecture.site\/es\/wp-json\/wp\/v2\/product\/24310","targetHints":{"allow":["GET"]}}],"collection":[{"href":"https:\/\/goarchitecture.site\/es\/wp-json\/wp\/v2\/product"}],"about":[{"href":"https:\/\/goarchitecture.site\/es\/wp-json\/wp\/v2\/types\/product"}],"replies":[{"embeddable":true,"href":"https:\/\/goarchitecture.site\/es\/wp-json\/wp\/v2\/comments?post=24310"}],"wp:featuredmedia":[{"embeddable":true,"href":"https:\/\/goarchitecture.site\/es\/wp-json\/wp\/v2\/media\/24169"}],"wp:attachment":[{"href":"https:\/\/goarchitecture.site\/es\/wp-json\/wp\/v2\/media?parent=24310"}],"wp:term":[{"taxonomy":"product_brand","embeddable":true,"href":"https:\/\/goarchitecture.site\/es\/wp-json\/wp\/v2\/product_brand?post=24310"},{"taxonomy":"product_cat","embeddable":true,"href":"https:\/\/goarchitecture.site\/es\/wp-json\/wp\/v2\/product_cat?post=24310"},{"taxonomy":"product_tag","embeddable":true,"href":"https:\/\/goarchitecture.site\/es\/wp-json\/wp\/v2\/product_tag?post=24310"}],"curies":[{"name":"wp","href":"https:\/\/api.w.org\/{rel}","templated":true}]}}