{"id":20961,"date":"2024-02-19T18:50:08","date_gmt":"2024-02-19T23:50:08","guid":{"rendered":"https:\/\/goarchitecture.site\/producto\/41-plantas-en-maceta-pintadas-a-mano\/"},"modified":"2026-04-08T18:13:10","modified_gmt":"2026-04-08T23:13:10","slug":"41-plantas-en-maceta-pintadas-a-mano","status":"publish","type":"product","link":"https:\/\/goarchitecture.site\/es\/producto\/41-plantas-en-maceta-pintadas-a-mano\/","title":{"rendered":"41 PLANTAS EN MACETA PINTADAS A MANO"},"content":{"rendered":"<p>41 Plantas de maceta pintadas a mano<\/p>\n<p>una excelente opci\u00f3n para tus dibujos arquitect\u00f3nicos ( Secciones, Alzados, Planos, Collages, etc.)<\/p>\n<p>Formato de archivo: PNG + AI<\/p>\n<p>Por : <a href=\"https:\/\/www.instagram.com\/go_architecture\/\" target=\"_blank\" rel=\"nofollow noopener\">@go_architecture<\/a><\/p>\n<p>INSTRUCCIONES:<\/p>\n<p>Las ilustraciones se entregar\u00e1n en formato .RAR, por lo que ser\u00e1 necesario descomprimirlas con un programa gratuito como WinRar. Una vez extra\u00eddas, \u00a1estar\u00e1n listas para que las utilices!<\/p>\n","protected":false},"excerpt":{"rendered":"<p>41 Plantas en maceta pintadas a mano<\/p>\n<p>&nbsp;<\/p>\n<p>una opci\u00f3n excelente para tus dibujos arquitect\u00f3nicos ( Secciones, Alzados, Planos, Collages, etc.)<\/p>\n<p>Formato de archivo: PNG + AI<\/p>\n<p>Por : <a href=\"https:\/\/www.instagram.com\/go_architecture\/\" target=\"_blank\" rel=\"nofollow noopener\">@go_architecture<\/a><\/p>\n<p>&nbsp;<\/p>\n<p>&nbsp;<\/p>\n<p>&nbsp;<\/p>\n<p>INSTRUCCIONES:<\/p>\n<p>&nbsp;<\/p>\n<p>Las ilustraciones se entregar\u00e1n en formato .RAR, por lo que ser\u00e1 necesario descomprimirlas con un programa gratuito como WinRar. Una vez extra\u00eddas, \u00a1estar\u00e1n listas para que las utilices!<\/p>\n","protected":false},"featured_media":33744,"comment_status":"open","ping_status":"closed","template":"","meta":{"_acf_changed":false},"product_brand":[],"product_cat":[1124,1124,1103,1103,1117,1117,1106,1106,1109,1109,1126,1126,1102,1102,1115,1115,1122,1122],"product_tag":[1128,1128,1146,1214,1146,1210,1210,1160,1160,1214,1224,1224],"class_list":{"0":"post-20961","1":"product","2":"type-product","3":"status-publish","4":"has-post-thumbnail","6":"product_cat-ai-es","8":"product_cat-coleccion","10":"product_cat-illustrator-es","12":"product_cat-naturaleza","14":"product_cat-plantas","16":"product_cat-png-es","18":"product_cat-recursos","20":"product_cat-software-es","22":"product_cat-tipo","24":"product_tag-ai-es","26":"product_tag-pintado-a-mano","27":"product_tag-maceta-es","29":"product_tag-planta","31":"product_tag-png-es","34":"product_tag-vector-es","37":"first","38":"instock","39":"sale","40":"downloadable","41":"virtual","42":"taxable","43":"purchasable","44":"product-type-simple"},"acf":[],"_links":{"self":[{"href":"https:\/\/goarchitecture.site\/es\/wp-json\/wp\/v2\/product\/20961","targetHints":{"allow":["GET"]}}],"collection":[{"href":"https:\/\/goarchitecture.site\/es\/wp-json\/wp\/v2\/product"}],"about":[{"href":"https:\/\/goarchitecture.site\/es\/wp-json\/wp\/v2\/types\/product"}],"replies":[{"embeddable":true,"href":"https:\/\/goarchitecture.site\/es\/wp-json\/wp\/v2\/comments?post=20961"}],"wp:featuredmedia":[{"embeddable":true,"href":"https:\/\/goarchitecture.site\/es\/wp-json\/wp\/v2\/media\/33744"}],"wp:attachment":[{"href":"https:\/\/goarchitecture.site\/es\/wp-json\/wp\/v2\/media?parent=20961"}],"wp:term":[{"taxonomy":"product_brand","embeddable":true,"href":"https:\/\/goarchitecture.site\/es\/wp-json\/wp\/v2\/product_brand?post=20961"},{"taxonomy":"product_cat","embeddable":true,"href":"https:\/\/goarchitecture.site\/es\/wp-json\/wp\/v2\/product_cat?post=20961"},{"taxonomy":"product_tag","embeddable":true,"href":"https:\/\/goarchitecture.site\/es\/wp-json\/wp\/v2\/product_tag?post=20961"}],"curies":[{"name":"wp","href":"https:\/\/api.w.org\/{rel}","templated":true}]}}