{"id":20944,"date":"2024-02-19T22:26:27","date_gmt":"2024-02-20T03:26:27","guid":{"rendered":"https:\/\/goarchitecture.site\/producto\/arboles-de-dibujos-animados\/"},"modified":"2025-06-21T09:33:44","modified_gmt":"2025-06-21T14:33:44","slug":"arboles-de-dibujos-animados","status":"publish","type":"product","link":"https:\/\/goarchitecture.site\/es\/producto\/arboles-de-dibujos-animados\/","title":{"rendered":"\u00c1RBOLES DE DIBUJOS ANIMADOS"},"content":{"rendered":"<p>30 \u00e1rboles planos ilustrados de dibujos animados<\/p>\n<p>una excelente opci\u00f3n para tus dibujos arquitect\u00f3nicos ( Secciones, Alzados, Planos, Collages, etc.)<\/p>\n<p>Formato de archivo: PNG + AI<\/p>\n<p>Por : <a href=\"https:\/\/www.instagram.com\/go_architecture\/\" rel=\"nofollow noopener\" target=\"_blank\">@go_architecture<\/a><\/p>\n<p>INSTRUCCIONES:<\/p>\n<p>Las ilustraciones se entregar\u00e1n en formato .RAR, por lo que ser\u00e1 necesario descomprimirlas con un programa gratuito como WinRar. Una vez extra\u00eddas, \u00a1estar\u00e1n listas para que las utilices!<\/p>\n","protected":false},"excerpt":{"rendered":"<p>30 \u00e1rboles ilustrados de dibujos animados vectoriales planos<\/p>\n<p>&nbsp;<\/p>\n<p>una opci\u00f3n excelente para tus dibujos arquitect\u00f3nicos ( Secciones, Alzados, Planos, Collages, etc.)<\/p>\n<p>Formato de archivo: PNG + AI<\/p>\n<p>Por : <a href=\"https:\/\/www.instagram.com\/go_architecture\/\" rel=\"nofollow\">@go_architecture<\/a><\/p>\n<p>&nbsp;<\/p>\n<p>&nbsp;<\/p>\n<p>&nbsp;<\/p>\n<p>INSTRUCCIONES:<\/p>\n<p>&nbsp;<\/p>\n<p>Las ilustraciones se entregar\u00e1n en formato .RAR, por lo que ser\u00e1 necesario descomprimirlas con un programa gratuito como WinRar. Una vez extra\u00eddas, \u00a1estar\u00e1n listas para que las utilices!<\/p>\n","protected":false},"featured_media":20463,"comment_status":"open","ping_status":"closed","template":"","meta":{"_acf_changed":false},"product_brand":[],"product_cat":[1124,1103,1117,1106,1114,1109,1126,1102,1115,1122],"product_tag":[1128,1221,1135,1212,1224],"class_list":{"0":"post-20944","1":"product","2":"type-product","3":"status-publish","4":"has-post-thumbnail","6":"product_cat-ai-es","7":"product_cat-coleccion","8":"product_cat-illustrator-es","9":"product_cat-naturaleza","10":"product_cat-nuevo","11":"product_cat-plantas","12":"product_cat-png-es","13":"product_cat-recursos","14":"product_cat-software-es","15":"product_cat-tipo","16":"product_tag-ai-es","17":"product_tag-arboles","18":"product_tag-dibujo","19":"product_tag-plantas","20":"product_tag-vector-es","22":"first","23":"instock","24":"sale","25":"downloadable","26":"virtual","27":"purchasable","28":"product-type-simple"},"acf":[],"_links":{"self":[{"href":"https:\/\/goarchitecture.site\/es\/wp-json\/wp\/v2\/product\/20944","targetHints":{"allow":["GET"]}}],"collection":[{"href":"https:\/\/goarchitecture.site\/es\/wp-json\/wp\/v2\/product"}],"about":[{"href":"https:\/\/goarchitecture.site\/es\/wp-json\/wp\/v2\/types\/product"}],"replies":[{"embeddable":true,"href":"https:\/\/goarchitecture.site\/es\/wp-json\/wp\/v2\/comments?post=20944"}],"wp:featuredmedia":[{"embeddable":true,"href":"https:\/\/goarchitecture.site\/es\/wp-json\/wp\/v2\/media\/20463"}],"wp:attachment":[{"href":"https:\/\/goarchitecture.site\/es\/wp-json\/wp\/v2\/media?parent=20944"}],"wp:term":[{"taxonomy":"product_brand","embeddable":true,"href":"https:\/\/goarchitecture.site\/es\/wp-json\/wp\/v2\/product_brand?post=20944"},{"taxonomy":"product_cat","embeddable":true,"href":"https:\/\/goarchitecture.site\/es\/wp-json\/wp\/v2\/product_cat?post=20944"},{"taxonomy":"product_tag","embeddable":true,"href":"https:\/\/goarchitecture.site\/es\/wp-json\/wp\/v2\/product_tag?post=20944"}],"curies":[{"name":"wp","href":"https:\/\/api.w.org\/{rel}","templated":true}]}}