{"id":21905,"date":"2024-05-16T16:02:30","date_gmt":"2024-05-16T21:02:30","guid":{"rendered":"https:\/\/goarchitecture.site\/datos-del-usuario\/"},"modified":"2025-07-14T14:31:09","modified_gmt":"2025-07-14T19:31:09","slug":"datos-del-usuario","status":"publish","type":"page","link":"https:\/\/goarchitecture.site\/es\/datos-del-usuario\/","title":{"rendered":"Datos del usuario"},"content":{"rendered":"\t\t<div data-elementor-type=\"wp-page\" data-elementor-id=\"21905\" class=\"elementor elementor-21905\" data-elementor-post-type=\"page\">\n\t\t\t\t<div class=\"elementor-element elementor-element-07dd578 e-flex e-con-boxed e-con e-parent\" data-id=\"07dd578\" data-element_type=\"container\" data-e-type=\"container\">\n\t\t\t\t\t<div class=\"e-con-inner\">\n\t\t\t\t<div class=\"elementor-element elementor-element-7ed5bfe elementor-widget elementor-widget-heading\" data-id=\"7ed5bfe\" data-element_type=\"widget\" data-e-type=\"widget\" data-widget_type=\"heading.default\">\n\t\t\t\t<div class=\"elementor-widget-container\">\n\t\t\t\t\t<h2 class=\"elementor-heading-title elementor-size-default\">DATOS DEL USUARIO<\/h2>\t\t\t\t<\/div>\n\t\t\t\t<\/div>\n\t\t\t\t<div class=\"elementor-element elementor-element-15f5abc elementor-widget elementor-widget-text-editor\" data-id=\"15f5abc\" data-element_type=\"widget\" data-e-type=\"widget\" data-widget_type=\"text-editor.default\">\n\t\t\t\t<div class=\"elementor-widget-container\">\n\t\t\t\t\t\t\t\t\t<h3><strong>Instrucciones para la eliminaci\u00f3n de datos personales<\/strong><\/h3><p>En GO nos tomamos muy en serio la privacidad de nuestros usuarios y nos esforzamos por garantizar que tus datos personales est\u00e9n protegidos en todo momento. Si deseas solicitar la eliminaci\u00f3n de tus datos personales de nuestra plataforma, sigue estos pasos:<\/p><ol><li><p><strong>Enviar una solicitud por correo electr\u00f3nico<\/strong>: Para solicitar la eliminaci\u00f3n de tus datos personales, env\u00eda un correo electr\u00f3nico a <span style=\"text-decoration: underline;\">\n  <strong>support@goarchitecture.site<\/strong>\n<\/span> con el asunto \u00abSolicitud de supresi\u00f3n de datos\u00bb. Aseg\u00farate de incluir la siguiente informaci\u00f3n en tu correo electr\u00f3nico:<\/p><ul><li>Tu nombre de usuario o direcci\u00f3n de correo electr\u00f3nico asociada a tu cuenta en goarchitecture.site.<\/li><li>Una breve explicaci\u00f3n de por qu\u00e9 deseas que eliminemos tus datos personales.<\/li><\/ul><\/li><li><p><strong>Verificaci\u00f3n<\/strong> de identidad: Para salvaguardar la privacidad y seguridad de nuestros usuarios, es posible que necesitemos verificar tu identidad antes de procesar tu solicitud de eliminaci\u00f3n de datos. Esto puede implicar solicitar informaci\u00f3n adicional para confirmar tu identidad.<\/p><\/li><li><p><strong>Tramitaci\u00f3n de la solicitud<\/strong>: Una vez recibida tu solicitud y verificada tu identidad, procederemos a eliminar tus datos personales de nuestra base de datos en un plazo razonable. Ten en cuenta que podemos conservar cierta informaci\u00f3n de forma an\u00f3nima con fines estad\u00edsticos o de auditor\u00eda.<\/p><\/li><li><p><strong>Confirmaci\u00f3n de la<\/strong> eliminaci\u00f3n: Te enviaremos un correo electr\u00f3nico de confirmaci\u00f3n una vez que hayamos completado la eliminaci\u00f3n de tus datos personales. Si tienes m\u00e1s preguntas o dudas, no dudes en ponerte en contacto con nuestro equipo de asistencia en <span style=\"text-decoration: underline;\">\n  <strong>support@goarchitecture.site<\/strong>\n<\/span><\/p><\/li><\/ol>\t\t\t\t\t\t\t\t<\/div>\n\t\t\t\t<\/div>\n\t\t\t\t\t<\/div>\n\t\t\t\t<\/div>\n\t\t\t\t<\/div>\n\t\t","protected":false},"excerpt":{"rendered":"<p>DATOS DEL USUARIO Instrucciones para la eliminaci\u00f3n de datos personales En GO nos tomamos muy en serio la privacidad de<\/p>\n","protected":false},"author":1,"featured_media":0,"parent":0,"menu_order":0,"comment_status":"closed","ping_status":"closed","template":"","meta":{"_acf_changed":false,"_tutorstarter_page_metadata":[],"footnotes":""},"class_list":["post-21905","page","type-page","status-publish","hentry"],"acf":[],"_links":{"self":[{"href":"https:\/\/goarchitecture.site\/es\/wp-json\/wp\/v2\/pages\/21905","targetHints":{"allow":["GET"]}}],"collection":[{"href":"https:\/\/goarchitecture.site\/es\/wp-json\/wp\/v2\/pages"}],"about":[{"href":"https:\/\/goarchitecture.site\/es\/wp-json\/wp\/v2\/types\/page"}],"author":[{"embeddable":true,"href":"https:\/\/goarchitecture.site\/es\/wp-json\/wp\/v2\/users\/1"}],"replies":[{"embeddable":true,"href":"https:\/\/goarchitecture.site\/es\/wp-json\/wp\/v2\/comments?post=21905"}],"version-history":[{"count":2,"href":"https:\/\/goarchitecture.site\/es\/wp-json\/wp\/v2\/pages\/21905\/revisions"}],"predecessor-version":[{"id":30117,"href":"https:\/\/goarchitecture.site\/es\/wp-json\/wp\/v2\/pages\/21905\/revisions\/30117"}],"wp:attachment":[{"href":"https:\/\/goarchitecture.site\/es\/wp-json\/wp\/v2\/media?parent=21905"}],"curies":[{"name":"wp","href":"https:\/\/api.w.org\/{rel}","templated":true}]}}