{"id":20638,"date":"2023-12-11T21:34:51","date_gmt":"2023-12-12T02:34:51","guid":{"rendered":"https:\/\/goarchitecture.site\/anadir-trabajo\/"},"modified":"2024-10-23T17:55:09","modified_gmt":"2024-10-23T22:55:09","slug":"anadir-trabajo","status":"publish","type":"page","link":"https:\/\/goarchitecture.site\/es\/empleo\/anadir-trabajo\/","title":{"rendered":"A\u00f1adir trabajo"},"content":{"rendered":"\t\t<div data-elementor-type=\"wp-page\" data-elementor-id=\"20638\" class=\"elementor elementor-20638\" data-elementor-post-type=\"page\">\n\t\t\t\t<div class=\"elementor-element elementor-element-517309e e-flex e-con-boxed e-con e-parent\" data-id=\"517309e\" data-element_type=\"container\" data-e-type=\"container\">\n\t\t\t\t\t<div class=\"e-con-inner\">\n\t\t<div class=\"elementor-element elementor-element-9c1c08b e-con-full e-flex e-con e-child\" data-id=\"9c1c08b\" data-element_type=\"container\" data-e-type=\"container\">\n\t\t\t\t<\/div>\n\t\t<div class=\"elementor-element elementor-element-9056f40 e-con-full e-flex e-con e-child\" data-id=\"9056f40\" data-element_type=\"container\" data-e-type=\"container\">\n\t\t\t\t<div class=\"elementor-element elementor-element-a95eeb4 elementor-widget elementor-widget-text-editor\" data-id=\"a95eeb4\" data-element_type=\"widget\" data-e-type=\"widget\" data-widget_type=\"text-editor.default\">\n\t\t\t\t<div class=\"elementor-widget-container\">\n\t\t\t\t\t\t\t\t\t<h4>Conectar talentos<\/h4>\n<p><strong>Publicar un empleo en GO<\/strong><\/p>\n<p>Descubra a los mejores arquitectos: Publique aqu\u00ed sus ofertas de empleo y conecte con los mejores.<\/p>\n<\/p>\n<p>Para publicar un anuncio de empleo:<\/p>\n<ol>\n<li class=\"Active\">Seleccione el paquete de anuncios.<\/li>\n<li>Rellena el formulario.<\/li>\n<li>Env\u00ede el pago.<\/li>\n<\/ol>\n<p><em>**Cada oferta es para un (1) solo puesto de trabajo, para m\u00faltiples puestos, se requieren listados separados.<\/em><\/p>\n\t\t\t\t\t\t\t\t<\/div>\n\t\t\t\t<\/div>\n\t\t\t\t<\/div>\n\t\t<div class=\"elementor-element elementor-element-d9f695c e-con-full e-flex e-con e-child\" data-id=\"d9f695c\" data-element_type=\"container\" data-e-type=\"container\">\n\t\t\t\t<\/div>\n\t\t\t\t\t<\/div>\n\t\t\t\t<\/div>\n\t\t<div class=\"elementor-element elementor-element-6b13694 e-flex e-con-boxed e-con e-parent\" data-id=\"6b13694\" data-element_type=\"container\" data-e-type=\"container\">\n\t\t\t\t\t<div class=\"e-con-inner\">\n\t\t<div class=\"elementor-element elementor-element-72661ee e-con-full e-flex e-con e-child\" data-id=\"72661ee\" data-element_type=\"container\" data-e-type=\"container\" data-settings=\"{&quot;background_background&quot;:&quot;classic&quot;}\">\n\t\t\t\t<div class=\"elementor-element elementor-element-f98e0bc elementor-widget elementor-widget-text-editor\" data-id=\"f98e0bc\" data-element_type=\"widget\" data-e-type=\"widget\" data-widget_type=\"text-editor.default\">\n\t\t\t\t<div class=\"elementor-widget-container\">\n\t\t\t\t\t\t\t\t\t<p>1. Seleccione el paquete de anuncios.<\/p>\n\t\t\t\t\t\t\t\t<\/div>\n\t\t\t\t<\/div>\n\t\t\t\t<\/div>\n\t\t<div class=\"elementor-element elementor-element-b3dd447 e-con-full e-flex e-con e-child\" data-id=\"b3dd447\" data-element_type=\"container\" data-e-type=\"container\" data-settings=\"{&quot;background_background&quot;:&quot;classic&quot;}\">\n\t\t\t\t<div class=\"elementor-element elementor-element-0d0f9a8 elementor-widget elementor-widget-text-editor\" data-id=\"0d0f9a8\" data-element_type=\"widget\" data-e-type=\"widget\" data-widget_type=\"text-editor.default\">\n\t\t\t\t<div class=\"elementor-widget-container\">\n\t\t\t\t\t\t\t\t\t<p>2. Rellene el formulario.<\/p>\n\t\t\t\t\t\t\t\t<\/div>\n\t\t\t\t<\/div>\n\t\t\t\t<\/div>\n\t\t<div class=\"elementor-element elementor-element-1073335 e-con-full e-flex e-con e-child\" data-id=\"1073335\" data-element_type=\"container\" data-e-type=\"container\" data-settings=\"{&quot;background_background&quot;:&quot;classic&quot;}\">\n\t\t\t\t<div class=\"elementor-element elementor-element-d7b7599 elementor-widget elementor-widget-text-editor\" data-id=\"d7b7599\" data-element_type=\"widget\" data-e-type=\"widget\" data-widget_type=\"text-editor.default\">\n\t\t\t\t<div class=\"elementor-widget-container\">\n\t\t\t\t\t\t\t\t\t<p>3. Env\u00ede el pago.<\/p>\n\t\t\t\t\t\t\t\t<\/div>\n\t\t\t\t<\/div>\n\t\t\t\t<\/div>\n\t\t\t\t\t<\/div>\n\t\t\t\t<\/div>\n\t\t<div class=\"elementor-element elementor-element-1c7bc8e e-flex e-con-boxed e-con e-parent\" data-id=\"1c7bc8e\" data-element_type=\"container\" data-e-type=\"container\">\n\t\t\t\t\t<div class=\"e-con-inner\">\n\t\t<div class=\"elementor-element elementor-element-6621fb1 e-con-full e-flex e-con e-child\" data-id=\"6621fb1\" data-element_type=\"container\" data-e-type=\"container\">\n\t\t\t\t<\/div>\n\t\t<a class=\"elementor-element elementor-element-b556a19 e-con-full e-flex e-con e-child\" data-id=\"b556a19\" data-element_type=\"container\" data-e-type=\"container\" data-settings=\"{&quot;background_background&quot;:&quot;classic&quot;}\" href=\"https:\/\/goarchitecture.site\/jobs\/add-job\/free-exposure\/\">\n\t\t\t\t<div class=\"elementor-element elementor-element-afb5593 elementor-widget elementor-widget-text-editor\" data-id=\"afb5593\" data-element_type=\"widget\" data-e-type=\"widget\" data-widget_type=\"text-editor.default\">\n\t\t\t\t<div class=\"elementor-widget-container\">\n\t\t\t\t\t\t\t\t\t<h5>EXPOSICI\u00d3N GRATUITA<\/h5>\n<\/p>\n<p>Esta opci\u00f3n incluye un puesto est\u00e1ndar en nuestras listas de empleo, con una duraci\u00f3n m\u00e1xima de 10 d\u00edas.** \u2192<\/p>\n\t\t\t\t\t\t\t\t<\/div>\n\t\t\t\t<\/div>\n\t\t\t\t<\/a>\n\t\t<a class=\"elementor-element elementor-element-a4d0f6e e-con-full e-flex e-con e-child\" data-id=\"a4d0f6e\" data-element_type=\"container\" data-e-type=\"container\" data-settings=\"{&quot;background_background&quot;:&quot;classic&quot;}\" href=\"https:\/\/goarchitecture.site\/jobs\/add-job\/wider-exposure\/\">\n\t\t\t\t<div class=\"elementor-element elementor-element-eabb70a elementor-widget elementor-widget-text-editor\" data-id=\"eabb70a\" data-element_type=\"widget\" data-e-type=\"widget\" data-widget_type=\"text-editor.default\">\n\t\t\t\t<div class=\"elementor-widget-container\">\n\t\t\t\t\t\t\t\t\t<h5>MAYOR EXPOSICI\u00d3N (10 $)<\/h5>\n<\/p>\n<p>Esta opci\u00f3n ofrece una mayor duraci\u00f3n en nuestras listas de empleo, de hasta 3 meses o hasta que se cubra la vacante, lo que ocurra primero. Adem\u00e1s, su oferta de empleo se publicar\u00e1 en nuestras redes sociales para nuestra creciente comunidad de suscriptores de GO.** \u2192.<\/p>\n\t\t\t\t\t\t\t\t<\/div>\n\t\t\t\t<\/div>\n\t\t\t\t<\/a>\n\t\t<a class=\"elementor-element elementor-element-880b0d3 e-con-full e-flex e-con e-child\" data-id=\"880b0d3\" data-element_type=\"container\" data-e-type=\"container\" data-settings=\"{&quot;background_background&quot;:&quot;classic&quot;}\" href=\"https:\/\/goarchitecture.site\/jobs\/add-job\/featured-exposure\/\">\n\t\t\t\t<div class=\"elementor-element elementor-element-fdf14c2 elementor-widget elementor-widget-text-editor\" data-id=\"fdf14c2\" data-element_type=\"widget\" data-e-type=\"widget\" data-widget_type=\"text-editor.default\">\n\t\t\t\t<div class=\"elementor-widget-container\">\n\t\t\t\t\t\t\t\t\t<h5>EXPOSICI\u00d3N DESTACADA (25 $)<\/h5>\n<\/p>\n<p>Incluye todas las ventajas del plan 2 y, adem\u00e1s, tu oferta se situar\u00e1 en los primeros puestos de las listas durante un m\u00e1ximo de dos semanas.** \u2192<\/p>\n\t\t\t\t\t\t\t\t<\/div>\n\t\t\t\t<\/div>\n\t\t\t\t<\/a>\n\t\t<div class=\"elementor-element elementor-element-b1f9dda e-con-full e-flex e-con e-child\" data-id=\"b1f9dda\" data-element_type=\"container\" data-e-type=\"container\">\n\t\t\t\t<\/div>\n\t\t\t\t\t<\/div>\n\t\t\t\t<\/div>\n\t\t<div class=\"elementor-element elementor-element-ee9b24f e-flex e-con-boxed e-con e-parent\" data-id=\"ee9b24f\" data-element_type=\"container\" data-e-type=\"container\">\n\t\t\t\t\t<div class=\"e-con-inner\">\n\t\t\t\t<div class=\"elementor-element elementor-element-3dec6a6 elementor-widget-divider--view-line elementor-widget elementor-widget-divider\" data-id=\"3dec6a6\" data-element_type=\"widget\" data-e-type=\"widget\" data-widget_type=\"divider.default\">\n\t\t\t\t<div class=\"elementor-widget-container\">\n\t\t\t\t\t\t\t<div class=\"elementor-divider\">\n\t\t\t<span class=\"elementor-divider-separator\">\n\t\t\t\t\t\t<\/span>\n\t\t<\/div>\n\t\t\t\t\t\t<\/div>\n\t\t\t\t<\/div>\n\t\t\t\t\t<\/div>\n\t\t\t\t<\/div>\n\t\t<div class=\"elementor-element elementor-element-a7b8534 e-flex e-con-boxed e-con e-parent\" data-id=\"a7b8534\" data-element_type=\"container\" data-e-type=\"container\">\n\t\t\t\t\t<div class=\"e-con-inner\">\n\t\t\t\t<div class=\"elementor-element elementor-element-847534e elementor-widget elementor-widget-heading\" data-id=\"847534e\" data-element_type=\"widget\" data-e-type=\"widget\" data-widget_type=\"heading.default\">\n\t\t\t\t<div class=\"elementor-widget-container\">\n\t\t\t\t\t<h2 class=\"elementor-heading-title elementor-size-default\">Preguntas frecuentes<\/h2>\t\t\t\t<\/div>\n\t\t\t\t<\/div>\n\t\t\t\t\t<\/div>\n\t\t\t\t<\/div>\n\t\t<div class=\"elementor-element elementor-element-07d0545 e-flex e-con-boxed e-con e-parent\" data-id=\"07d0545\" data-element_type=\"container\" data-e-type=\"container\">\n\t\t\t\t\t<div class=\"e-con-inner\">\n\t\t\t\t<div class=\"elementor-element elementor-element-eb34931 elementor-widget elementor-widget-text-editor\" data-id=\"eb34931\" data-element_type=\"widget\" data-e-type=\"widget\" data-widget_type=\"text-editor.default\">\n\t\t\t\t<div class=\"elementor-widget-container\">\n\t\t\t\t\t\t\t\t\t<p><b>\u00bfCu\u00e1nto cuesta una oferta de empleo?<\/b><\/p>\n<p>Haz que tu empleo llegue a los candidatos adecuados con anuncios gratuitos o a partir de 10 $\/empleo. Adem\u00e1s, disfrute de descuentos en anuncios masivos y opciones para aumentar la visibilidad de su empleo.<\/p>\n<p><b>\u00bfPuedo editar y\/o cerrar mi anuncio de empleo f\u00e1cilmente?<\/b><\/p>\n<p>\u00a1Definitivamente! Si necesita realizar alg\u00fan cambio en su oferta de empleo, env\u00edenos un correo electr\u00f3nico a <a href=\"mailto:jobs@goarchitecture.site\" target=\"_new\">jobs@goarchitecture.site.<\/a> Estamos aqu\u00ed para realizar actualizaciones o cerrar su anuncio por usted, de forma r\u00e1pida y eficaz.<\/p>\n<p><b>\u00bfCu\u00e1l es la duraci\u00f3n de un anuncio?<\/b><\/p>\n<p>Tu oferta permanece activa 3 meses o hasta que encuentres a tu pareja perfecta y decidas cerrar el anuncio.<\/p>\n<p><b>\u00bfEn cu\u00e1nto tiempo se publicar\u00e1 mi trabajo?<\/b><\/p>\n<p>\u00a1R\u00e1pido como un rayo! Una vez que env\u00ede su anuncio, compruebe su exactitud y procese el pago, se publicar\u00e1 en menos de 24 horas y estar\u00e1 listo para que lo descubran los demandantes de empleo.<\/p>\n<p><b>\u00bfQui\u00e9n ver\u00e1 mi oferta de empleo?<\/b><\/p>\n<p>Publicar tu oferta de empleo en GO significa que est\u00e1s llegando a un p\u00fablico de cientos de miles de personas, y no a cualquier p\u00fablico, sino a una comunidad seleccionada de entusiastas del dise\u00f1o y gur\u00fas de la tecnolog\u00eda en el \u00e1mbito de la arquitectura. Es el lugar al que acuden los mejores del sector para encontrar su pr\u00f3xima gran oportunidad.<\/p>\n<p><b>\u00bfTiene preguntas o <\/b><b>\u00bfNecesita ayuda?<\/b><\/p>\n<p>Estamos aqu\u00ed para ayudarle. Escr\u00edbenos a <a href=\"mailto:jobs@goarchitecture.site\" target=\"_new\">jobs@goarchitecture.site.<\/a> para cualquier consulta o comentario.<\/p>\n\t\t\t\t\t\t\t\t<\/div>\n\t\t\t\t<\/div>\n\t\t\t\t\t<\/div>\n\t\t\t\t<\/div>\n\t\t\t\t<\/div>\n\t\t","protected":false},"excerpt":{"rendered":"<p>Conectar talentos Publicar un empleo en GO Descubra a los mejores arquitectos: Publique aqu\u00ed sus ofertas de empleo y conecte<\/p>\n","protected":false},"author":1,"featured_media":0,"parent":20659,"menu_order":0,"comment_status":"closed","ping_status":"closed","template":"","meta":{"_acf_changed":false,"_tutorstarter_page_metadata":[],"footnotes":""},"class_list":["post-20638","page","type-page","status-publish","hentry"],"acf":[],"_links":{"self":[{"href":"https:\/\/goarchitecture.site\/es\/wp-json\/wp\/v2\/pages\/20638","targetHints":{"allow":["GET"]}}],"collection":[{"href":"https:\/\/goarchitecture.site\/es\/wp-json\/wp\/v2\/pages"}],"about":[{"href":"https:\/\/goarchitecture.site\/es\/wp-json\/wp\/v2\/types\/page"}],"author":[{"embeddable":true,"href":"https:\/\/goarchitecture.site\/es\/wp-json\/wp\/v2\/users\/1"}],"replies":[{"embeddable":true,"href":"https:\/\/goarchitecture.site\/es\/wp-json\/wp\/v2\/comments?post=20638"}],"version-history":[{"count":2,"href":"https:\/\/goarchitecture.site\/es\/wp-json\/wp\/v2\/pages\/20638\/revisions"}],"predecessor-version":[{"id":27992,"href":"https:\/\/goarchitecture.site\/es\/wp-json\/wp\/v2\/pages\/20638\/revisions\/27992"}],"up":[{"embeddable":true,"href":"https:\/\/goarchitecture.site\/es\/wp-json\/wp\/v2\/pages\/20659"}],"wp:attachment":[{"href":"https:\/\/goarchitecture.site\/es\/wp-json\/wp\/v2\/media?parent=20638"}],"curies":[{"name":"wp","href":"https:\/\/api.w.org\/{rel}","templated":true}]}}