{"id":20625,"date":"2023-10-10T17:39:31","date_gmt":"2023-10-10T22:39:31","guid":{"rendered":"https:\/\/goarchitecture.site\/politica-de-privacidad\/"},"modified":"2026-04-16T12:07:19","modified_gmt":"2026-04-16T17:07:19","slug":"politica-de-privacidad","status":"publish","type":"page","link":"https:\/\/goarchitecture.site\/es\/politica-de-privacidad\/","title":{"rendered":"Pol\u00edtica de privacidad"},"content":{"rendered":"\t\t<div data-elementor-type=\"wp-page\" data-elementor-id=\"20625\" class=\"elementor elementor-20625 elementor-3\" wpc-filter-elementor-widget=\"1\" data-elementor-post-type=\"page\">\n\t\t\t\t<div class=\"elementor-element elementor-element-10a35939 e-flex e-con-boxed e-con e-parent\" data-id=\"10a35939\" data-element_type=\"container\" data-e-type=\"container\">\n\t\t\t\t\t<div class=\"e-con-inner\">\n\t\t\t\t<div class=\"elementor-element elementor-element-9c71796 elementor-widget elementor-widget-heading\" data-id=\"9c71796\" data-element_type=\"widget\" data-e-type=\"widget\" data-widget_type=\"heading.default\">\n\t\t\t\t<div class=\"elementor-widget-container\">\n\t\t\t\t\t<h1 class=\"elementor-heading-title elementor-size-default\">POL\u00cdTICA DE PRIVACIDAD<\/h1>\t\t\t\t<\/div>\n\t\t\t\t<\/div>\n\t\t\t\t<div class=\"elementor-element elementor-element-25b8bc86 terms elementor-widget elementor-widget-text-editor\" data-id=\"25b8bc86\" data-element_type=\"widget\" data-e-type=\"widget\" data-widget_type=\"text-editor.default\">\n\t\t\t\t<div class=\"elementor-widget-container\">\n\t\t\t\t\t\t\t\t\t<h3>Esta pol\u00edtica de privacidad se actualiz\u00f3 por \u00faltima vez el 15 de febrero de 2026.<\/h3><h4><strong>QUI\u00c9NES SOMOS<\/strong><\/h4><p data-sourcepos=\"3:1-3:149\">Go Architecture capacita a creadores y estudiantes a trav\u00e9s de una plataforma din\u00e1mica en l\u00ednea. Ofrecemos una amplia gama de recursos educativos<\/p><p data-sourcepos=\"9:1-9:278\">Nuestra misi\u00f3n es fomentar una pr\u00f3spera comunidad de personas apasionadas dedicadas al aprendizaje, el crecimiento y la expresi\u00f3n creativa. Tanto si eres un profesional experimentado como si acabas de empezar, Go Architecture te proporciona las herramientas y los conocimientos necesarios para ayudarte a alcanzar tus objetivos creativos.<\/p><h4 data-sourcepos=\"7:1-7:35\"><strong>\u00bfQu\u00e9 informaci\u00f3n recogemos?<\/strong><\/h4><ul data-sourcepos=\"9:1-12:0\"><li data-sourcepos=\"9:1-9:267\"><strong>Comentarios:<\/strong> Cuando dejas comentarios en el sitio, recopilamos los datos que aparecen en el formulario de comentarios, incluido tu nombre (si lo proporcionas), direcci\u00f3n de correo electr\u00f3nico (si la proporcionas), sitio web (si lo proporcionas) y tu <span class=\"citation-0\">direcci\u00f3n IP y cadena de agente de usuario del navegador para ayudar a la detecci\u00f3n de spam.<\/span><\/li><li data-sourcepos=\"10:1-10:319\"><strong><span class=\"citation-0\">Gravatar:<\/span><\/strong><span class=\"citation-0\"> <\/span><span class=\"citation-0 citation-1 citation-end-0\">Una cadena an\u00f3nima creada a partir de tu direcci\u00f3n de correo electr\u00f3nico (tambi\u00e9n llamada hash) puede<\/span><span class=\"citation-1 citation-end-1\"> ser enviada al servicio Gravatar para ver si est\u00e1s<\/span> usando una foto de perfil Gravatar. La pol\u00edtica de privacidad del servicio Gravatar est\u00e1 disponible aqu\u00ed: <a class=\"traceable-link\" href=\"https:\/\/automattic.com\/privacy\/\" target=\"_blank\" rel=\"noopener noreferrer\">https:\/\/automattic.com\/privacy\/<\/a><\/li><li data-sourcepos=\"11:1-12:0\"><strong>Medios de comunicaci\u00f3n:<\/strong> Le recomendamos que evite cargar im\u00e1genes con datos de ubicaci\u00f3n incrustados (EXIF GPS) incluidos al cargar im\u00e1genes en el sitio web. Los visitantes del sitio web pueden descargar y extraer cualquier dato de localizaci\u00f3n de las im\u00e1genes del sitio web.<\/li><\/ul><h4 data-sourcepos=\"13:1-13:11\"><strong>Cookies<\/strong><\/h4><ul data-sourcepos=\"15:1-19:0\"><li data-sourcepos=\"15:1-15:305\"><strong>Comentar Cookies:<\/strong> <span class=\"citation-2\">Si deja un comentario en nuestro sitio, puede optar por guardar su nombre, direcci\u00f3n de correo electr\u00f3nico y sitio web en cookies. Para su comodidad  <\/span><span class=\"citation-2 citation-3 citation-end-2\">que no tiene que<\/span><span class=\"citation-3\">  Vuelva a rellenar sus datos cuando deje otro comentario. Estas galletas durar\u00e1n un a\u00f1o.<\/span><\/li><li data-sourcepos=\"16:1-16:228\"><strong>Cookies<span class=\"citation-3 citation-end-3\">del navegador<\/span>:<\/strong> Se puede establecer una cookie temporal para determinar si su navegador acepta cookies cuando visita nuestra p\u00e1gina de inicio de sesi\u00f3n. Esta cookie no contiene ning\u00fan dato personal y se descarta al cerrar el navegador.<\/li><li data-sourcepos=\"17:1-17:358\"><strong>Cookies de inicio de sesi\u00f3n:<\/strong> Cuando inicias sesi\u00f3n, nosotros  <span class=\"citation-4\">establecer varias cookies para guardar su informaci\u00f3n de inicio de sesi\u00f3n y sus opciones de visualizaci\u00f3n en pantalla. Las cookies de inicio de sesi\u00f3n duran dos d\u00edas, y las cookies de opciones de pantalla duran  <\/span><span class=\"citation-4 citation-5 citation-end-4\">durante un a\u00f1o. Si selecciona \u00abRecordarme\u00bb, su inicio de sesi\u00f3n persistir\u00e1 durante dos semanas.<\/span><span class=\"citation-5 citation-end-5\">  Si cierra la sesi\u00f3n de su cuenta, se eliminar\u00e1n las cookies de inicio de sesi\u00f3n.<\/span><\/li><li data-sourcepos=\"18:1-19:0\"><strong>Editar <span class=\"citation-6\">cookies:<\/span><\/strong><span class=\"citation-6\">  Si edita o publica un art\u00edculo, se guardar\u00e1 una cookie adicional en su navegador. Esta cookie  <\/span><span class=\"citation-6 citation-7 citation-end-6\">no incluye personal<\/span><span class=\"citation-7\">  e indica simplemente el ID del art\u00edculo que acaba de editar. Caduca al cabo de 1 d\u00eda.<\/span><\/li><\/ul><h4 data-sourcepos=\"20:1-20:40\"><strong><span class=\"citation-7\">Contenido incrustado de otros sitios web<\/span><\/strong><\/h4><p data-sourcepos=\"22:1-22:422\"><span class=\"citation-7 citation-end-7\">Los art\u00edculos de este sitio pueden incluir contenido incrustado<\/span> de otros sitios web<span class=\"citation-8\">(por ejemplo, v\u00eddeos, im\u00e1genes, art\u00edculos, etc.). <\/span><span class=\"citation-8 citation-9 citation-end-8\">Estos sitios web pueden recopilar datos sobre ti, utilizar cookies, incrustar seguimiento adicional de terceros y controlar tu<\/span><span class=\"citation-9\"> interacci\u00f3n con ese contenido incrustado, incluido el <\/span><span class=\"citation-9 citation-10 citation-end-9\">seguimiento de tu interacci\u00f3n con el contenido incrustado si tienes una cuenta y has iniciado sesi\u00f3n en ese sitio web.<\/span><\/p><h4 data-sourcepos=\"24:1-24:39\"><strong><span class=\"citation-10\">Con qui\u00e9n compartimos sus datos<\/span><\/strong><\/h4><ul data-sourcepos=\"26:1-27:0\"><li data-sourcepos=\"26:1-27:0\"><strong>\n  <span class=\"citation-11\">Restablecer contrase\u00f1a:<\/span>\n<\/strong><span class=\"citation-11\"> Si solicitas un restablecimiento de contrase\u00f1a, tu direcci\u00f3n IP se incluir\u00e1 en el correo electr\u00f3nico de restablecimiento.<\/span><\/li><\/ul><h4 data-sourcepos=\"28:1-28:47\"><strong><span class=\"citation-11 citation-12 citation-end-11\">Cu\u00e1nto tiempo conservamos sus<\/span><span class=\"citation-12\"> datos<\/span><\/strong><\/h4><ul data-sourcepos=\"30:1-32:0\"><li data-sourcepos=\"30:1-30:234\"><strong><span class=\"citation-12\">Observaciones:<\/span><\/strong><span class=\"citation-12\">  Si deja un comentario, el comentario y sus metadatos se conservan indefinidamente. Este  <\/span><span class=\"citation-12 citation-13 citation-end-12\">es para que podamos reconocer y aprobar<\/span><span class=\"citation-13\"> los comentarios de seguimiento autom\u00e1ticamente en lugar de retenerlos en una cola de moderaci\u00f3n.<\/span><\/li><li data-sourcepos=\"31:1-32:0\"><strong>Datos <span class=\"citation-13 citation-end-13\">del usuario<\/span>:<\/strong> <span class=\"citation-14\">En el caso de los usuarios que se registran en nuestro sitio web, tambi\u00e9n almacenamos la informaci\u00f3n personal que nos facilitan en su perfil de usuario. Todos los usuarios pueden ver, editar o borrar su informaci\u00f3n personal  <\/span><span class=\"citation-14 citation-15 citation-end-14\">en cualquier momento (excepto que no pueden cambiar su nombre de usuario). Los administradores del sitio web tambi\u00e9n pueden ver y editar esa informaci\u00f3n.<\/span><\/li><\/ul><h4 data-sourcepos=\"33:1-33:39\"><strong><span class=\"citation-15\">Qu\u00e9 derechos tiene sobre sus datos<\/span><\/strong><\/h4><p data-sourcepos=\"35:1-35:392\"><span class=\"citation-15 citation-16 citation-end-15\">Si tiene una cuenta en este sitio o ha dejado comentarios, puede solicitar que se le env\u00ede un archivo exportado de los datos personales.<\/span><span class=\"citation-16\">  los datos que tenemos sobre usted, incluidos los que nos haya facilitado. Tambi\u00e9n puede solicitar que borremos cualquier dato personal que tengamos sobre usted. Esto no incluye los datos que estamos obligados a conservar por razones administrativas, legales o de seguridad.  <\/span><span class=\"citation-16 citation-17 citation-end-16\">fines de seguridad.<\/span><\/p><h4 data-sourcepos=\"37:1-37:27\"><strong><span class=\"citation-17\">D\u00f3nde se env\u00edan sus datos<\/span><\/strong><\/h4><p data-sourcepos=\"39:1-39:76\"><span class=\"citation-17\">Los comentarios de los visitantes pueden ser controlados por un servicio automatizado de detecci\u00f3n de spam.<\/span><\/p><h4 data-sourcepos=\"41:1-41:34\"><strong><span class=\"citation-17\">Informaci\u00f3n adicional<\/span><\/strong><\/h4><p data-sourcepos=\"43:1-43:332\">Go Architecture se compromete a proteger la privacidad de sus usuarios. Utilizaremos la informaci\u00f3n que recopilemos sobre usted de acuerdo con esta Pol\u00edtica de privacidad. No compartiremos su informaci\u00f3n personal con terceros sin su consentimiento, excepto cuando sea necesario para prestarle los servicios que solicite o cuando lo exija la ley.<\/p><h4 data-sourcepos=\"45:1-45:41\"><strong><span class=\"citation-18\">Cambios en esta pol\u00edtica de privacidad<\/span><\/strong><\/h4><p data-sourcepos=\"47:1-47:235\"><span class=\"citation-18\">Podemos actualizar esta Pol\u00edtica de Privacidad de vez en cuando.  <\/span><span class=\"citation-18 citation-19 citation-end-18\">Le notificaremos cualquier cambio publicando el<\/span><span class=\"citation-19 citation-end-19\">  nueva Pol\u00edtica de privacidad en esta p\u00e1gina. Le animamos a que revise peri\u00f3dicamente esta Pol\u00edtica de privacidad para comprobar si existe alg\u00fan problema.<\/span>  actualizaciones.<\/p><h4 data-sourcepos=\"49:1-49:14\"><strong>P\u00f3ngase en contacto con nosotros<\/strong><\/h4><p data-sourcepos=\"51:1-51:119\">Si tiene alguna pregunta sobre esta Pol\u00edtica de Privacidad, p\u00f3ngase en contacto con nosotros en contact@goarchitecture.site.<\/p>\t\t\t\t\t\t\t\t<\/div>\n\t\t\t\t<\/div>\n\t\t\t\t\t<\/div>\n\t\t\t\t<\/div>\n\t\t\t\t<\/div>\n\t\t","protected":false},"excerpt":{"rendered":"<p>POL\u00cdTICA DE PRIVACIDAD Esta pol\u00edtica de privacidad se actualiz\u00f3 por \u00faltima vez el 15 de febrero de 2026. QUI\u00c9NES SOMOS<\/p>\n","protected":false},"author":1,"featured_media":0,"parent":0,"menu_order":0,"comment_status":"closed","ping_status":"open","template":"","meta":{"_acf_changed":false,"_tutorstarter_page_metadata":[],"footnotes":""},"class_list":["post-20625","page","type-page","status-publish","hentry"],"acf":[],"_links":{"self":[{"href":"https:\/\/goarchitecture.site\/es\/wp-json\/wp\/v2\/pages\/20625","targetHints":{"allow":["GET"]}}],"collection":[{"href":"https:\/\/goarchitecture.site\/es\/wp-json\/wp\/v2\/pages"}],"about":[{"href":"https:\/\/goarchitecture.site\/es\/wp-json\/wp\/v2\/types\/page"}],"author":[{"embeddable":true,"href":"https:\/\/goarchitecture.site\/es\/wp-json\/wp\/v2\/users\/1"}],"replies":[{"embeddable":true,"href":"https:\/\/goarchitecture.site\/es\/wp-json\/wp\/v2\/comments?post=20625"}],"version-history":[{"count":4,"href":"https:\/\/goarchitecture.site\/es\/wp-json\/wp\/v2\/pages\/20625\/revisions"}],"predecessor-version":[{"id":34709,"href":"https:\/\/goarchitecture.site\/es\/wp-json\/wp\/v2\/pages\/20625\/revisions\/34709"}],"wp:attachment":[{"href":"https:\/\/goarchitecture.site\/es\/wp-json\/wp\/v2\/media?parent=20625"}],"curies":[{"name":"wp","href":"https:\/\/api.w.org\/{rel}","templated":true}]}}